{"id":74,"date":"2015-06-16T11:16:22","date_gmt":"2015-06-16T10:16:22","guid":{"rendered":"http:\/\/aulatal.nl\/aulatal-duits\/?page_id=74"},"modified":"2024-10-30T17:07:18","modified_gmt":"2024-10-30T16:07:18","slug":"kontakt","status":"publish","type":"page","link":"https:\/\/www.aulatal.nl\/aulatal-duits\/kontakt\/","title":{"rendered":"Kontakt"},"content":{"rendered":"<div class=\"wpb-content-wrapper\"><p>[vc_row][vc_column width=&#8220;1\/2&#8243;][vc_column_text]Haben Sie eine Frage ? Z\u00f6gern Sie nicht und f\u00fcllen Sie das Kontaktformular.<br \/>\nWir werden Ihre Frage so schnell wie m\u00f6glich behandelt werden k\u00f6nnten.[\/vc_column_text][\/vc_column][vc_column width=&#8220;1\/2&#8243;][vc_single_image image=&#8220;515&#8243; img_size=&#8220;full&#8220;][\/vc_column][\/vc_row]<\/p>\n<\/div>","protected":false},"excerpt":{"rendered":"<p>[vc_row][vc_column width=&#8220;1\/2&#8243;][vc_column_text]Haben Sie eine Frage ? Z\u00f6gern Sie nicht und f\u00fcllen Sie das Kontaktformular. Wir werden Ihre Frage so schnell wie m\u00f6glich behandelt werden k\u00f6nnten.[\/vc_column_text][\/vc_column][vc_column width=&#8220;1\/2&#8243;][vc_single_image image=&#8220;515&#8243; img_size=&#8220;full&#8220;][\/vc_column][\/vc_row]<\/p>\n","protected":false},"author":1,"featured_media":0,"parent":0,"menu_order":0,"comment_status":"closed","ping_status":"open","template":"page-contact.php","meta":{"footnotes":""},"class_list":["post-74","page","type-page","status-publish","hentry"],"yoast_head":"<!-- This site is optimized with the Yoast SEO plugin v27.0 - https:\/\/yoast.com\/product\/yoast-seo-wordpress\/ -->\n<title>Kontakt - aulatal duits<\/title>\n<meta name=\"robots\" content=\"index, follow, max-snippet:-1, max-image-preview:large, max-video-preview:-1\" \/>\n<link rel=\"canonical\" href=\"https:\/\/www.aulatal.nl\/aulatal-duits\/kontakt\/\" \/>\n<meta property=\"og:locale\" content=\"de_DE\" \/>\n<meta property=\"og:type\" content=\"article\" \/>\n<meta property=\"og:title\" content=\"Kontakt - aulatal duits\" \/>\n<meta property=\"og:description\" content=\"[vc_row][vc_column width=&#8220;1\/2&#8243;][vc_column_text]Haben Sie eine Frage ? Z\u00f6gern Sie nicht und f\u00fcllen Sie das Kontaktformular. Wir werden Ihre Frage so schnell wie m\u00f6glich behandelt werden k\u00f6nnten.[\/vc_column_text][\/vc_column][vc_column width=&#8220;1\/2&#8243;][vc_single_image image=&#8220;515&#8243; img_size=&#8220;full&#8220;][\/vc_column][\/vc_row]\" \/>\n<meta property=\"og:url\" content=\"https:\/\/www.aulatal.nl\/aulatal-duits\/kontakt\/\" \/>\n<meta property=\"og:site_name\" content=\"aulatal duits\" \/>\n<meta property=\"article:modified_time\" content=\"2024-10-30T16:07:18+00:00\" \/>\n<meta name=\"twitter:card\" content=\"summary_large_image\" \/>\n<meta name=\"twitter:label1\" content=\"Gesch\u00e4tzte Lesezeit\" \/>\n\t<meta name=\"twitter:data1\" content=\"1\u00a0Minute\" \/>\n<script type=\"application\/ld+json\" class=\"yoast-schema-graph\">{\"@context\":\"https:\/\/schema.org\",\"@graph\":[{\"@type\":\"WebPage\",\"@id\":\"https:\/\/www.aulatal.nl\/aulatal-duits\/kontakt\/\",\"url\":\"https:\/\/www.aulatal.nl\/aulatal-duits\/kontakt\/\",\"name\":\"Kontakt - aulatal duits\",\"isPartOf\":{\"@id\":\"https:\/\/www.aulatal.nl\/aulatal-duits\/#website\"},\"datePublished\":\"2015-06-16T10:16:22+00:00\",\"dateModified\":\"2024-10-30T16:07:18+00:00\",\"breadcrumb\":{\"@id\":\"https:\/\/www.aulatal.nl\/aulatal-duits\/kontakt\/#breadcrumb\"},\"inLanguage\":\"de\",\"potentialAction\":[{\"@type\":\"ReadAction\",\"target\":[\"https:\/\/www.aulatal.nl\/aulatal-duits\/kontakt\/\"]}]},{\"@type\":\"BreadcrumbList\",\"@id\":\"https:\/\/www.aulatal.nl\/aulatal-duits\/kontakt\/#breadcrumb\",\"itemListElement\":[{\"@type\":\"ListItem\",\"position\":1,\"name\":\"Startseite\",\"item\":\"https:\/\/www.aulatal.nl\/aulatal-duits\/\"},{\"@type\":\"ListItem\",\"position\":2,\"name\":\"Kontakt\"}]},{\"@type\":\"WebSite\",\"@id\":\"https:\/\/www.aulatal.nl\/aulatal-duits\/#website\",\"url\":\"https:\/\/www.aulatal.nl\/aulatal-duits\/\",\"name\":\"aulatal duits\",\"description\":\"Een andere Aulatal websites site\",\"potentialAction\":[{\"@type\":\"SearchAction\",\"target\":{\"@type\":\"EntryPoint\",\"urlTemplate\":\"https:\/\/www.aulatal.nl\/aulatal-duits\/?s={search_term_string}\"},\"query-input\":{\"@type\":\"PropertyValueSpecification\",\"valueRequired\":true,\"valueName\":\"search_term_string\"}}],\"inLanguage\":\"de\"}]}<\/script>\n<!-- \/ Yoast SEO plugin. -->","yoast_head_json":{"title":"Kontakt - aulatal duits","robots":{"index":"index","follow":"follow","max-snippet":"max-snippet:-1","max-image-preview":"max-image-preview:large","max-video-preview":"max-video-preview:-1"},"canonical":"https:\/\/www.aulatal.nl\/aulatal-duits\/kontakt\/","og_locale":"de_DE","og_type":"article","og_title":"Kontakt - aulatal duits","og_description":"[vc_row][vc_column width=&#8220;1\/2&#8243;][vc_column_text]Haben Sie eine Frage ? Z\u00f6gern Sie nicht und f\u00fcllen Sie das Kontaktformular. Wir werden Ihre Frage so schnell wie m\u00f6glich behandelt werden k\u00f6nnten.[\/vc_column_text][\/vc_column][vc_column width=&#8220;1\/2&#8243;][vc_single_image image=&#8220;515&#8243; img_size=&#8220;full&#8220;][\/vc_column][\/vc_row]","og_url":"https:\/\/www.aulatal.nl\/aulatal-duits\/kontakt\/","og_site_name":"aulatal duits","article_modified_time":"2024-10-30T16:07:18+00:00","twitter_card":"summary_large_image","twitter_misc":{"Gesch\u00e4tzte Lesezeit":"1\u00a0Minute"},"schema":{"@context":"https:\/\/schema.org","@graph":[{"@type":"WebPage","@id":"https:\/\/www.aulatal.nl\/aulatal-duits\/kontakt\/","url":"https:\/\/www.aulatal.nl\/aulatal-duits\/kontakt\/","name":"Kontakt - aulatal duits","isPartOf":{"@id":"https:\/\/www.aulatal.nl\/aulatal-duits\/#website"},"datePublished":"2015-06-16T10:16:22+00:00","dateModified":"2024-10-30T16:07:18+00:00","breadcrumb":{"@id":"https:\/\/www.aulatal.nl\/aulatal-duits\/kontakt\/#breadcrumb"},"inLanguage":"de","potentialAction":[{"@type":"ReadAction","target":["https:\/\/www.aulatal.nl\/aulatal-duits\/kontakt\/"]}]},{"@type":"BreadcrumbList","@id":"https:\/\/www.aulatal.nl\/aulatal-duits\/kontakt\/#breadcrumb","itemListElement":[{"@type":"ListItem","position":1,"name":"Startseite","item":"https:\/\/www.aulatal.nl\/aulatal-duits\/"},{"@type":"ListItem","position":2,"name":"Kontakt"}]},{"@type":"WebSite","@id":"https:\/\/www.aulatal.nl\/aulatal-duits\/#website","url":"https:\/\/www.aulatal.nl\/aulatal-duits\/","name":"aulatal duits","description":"Een andere Aulatal websites site","potentialAction":[{"@type":"SearchAction","target":{"@type":"EntryPoint","urlTemplate":"https:\/\/www.aulatal.nl\/aulatal-duits\/?s={search_term_string}"},"query-input":{"@type":"PropertyValueSpecification","valueRequired":true,"valueName":"search_term_string"}}],"inLanguage":"de"}]}},"_links":{"self":[{"href":"https:\/\/www.aulatal.nl\/aulatal-duits\/wp-json\/wp\/v2\/pages\/74","targetHints":{"allow":["GET"]}}],"collection":[{"href":"https:\/\/www.aulatal.nl\/aulatal-duits\/wp-json\/wp\/v2\/pages"}],"about":[{"href":"https:\/\/www.aulatal.nl\/aulatal-duits\/wp-json\/wp\/v2\/types\/page"}],"author":[{"embeddable":true,"href":"https:\/\/www.aulatal.nl\/aulatal-duits\/wp-json\/wp\/v2\/users\/1"}],"replies":[{"embeddable":true,"href":"https:\/\/www.aulatal.nl\/aulatal-duits\/wp-json\/wp\/v2\/comments?post=74"}],"version-history":[{"count":8,"href":"https:\/\/www.aulatal.nl\/aulatal-duits\/wp-json\/wp\/v2\/pages\/74\/revisions"}],"predecessor-version":[{"id":545,"href":"https:\/\/www.aulatal.nl\/aulatal-duits\/wp-json\/wp\/v2\/pages\/74\/revisions\/545"}],"wp:attachment":[{"href":"https:\/\/www.aulatal.nl\/aulatal-duits\/wp-json\/wp\/v2\/media?parent=74"}],"curies":[{"name":"wp","href":"https:\/\/api.w.org\/{rel}","templated":true}]}}