{"id":59,"date":"2015-06-16T09:15:01","date_gmt":"2015-06-16T08:15:01","guid":{"rendered":"http:\/\/aulatal.nl\/aulatal-duits\/?page_id=59"},"modified":"2024-01-07T17:26:56","modified_gmt":"2024-01-07T16:26:56","slug":"aktivitaten","status":"publish","type":"page","link":"https:\/\/www.aulatal.nl\/aulatal-duits\/aktivitaten\/","title":{"rendered":"Aktivitaten"},"content":{"rendered":"<div class=\"wpb-content-wrapper\"><p>[vc_row][vc_column][vc_column_text]<\/p>\n<ul>\n<li>Fantastische Umgebung. Hier kann man fantastische Spazierg\u00e4nge, Radtouren (es gibt Fahrradverleih) oder sch\u00f6ne Touren durch die weite Umgebung machen.<\/li>\n<li>Angeln im Teich beim Park.<\/li>\n<li>Schwimmen im Freibad, Hallenbad oder in den Wellnessb\u00e4dern von Bad Hersfeld oder Alsfeld.<\/li>\n<li>Schwimmen im Freibad oder Hallenbad in Oberaula.<\/li>\n<li>Sie k\u00f6nnen Golf spielen oder Golfunterricht nehmen auf dem driving range des bekannten Kurhessischen Golfklubs. www.golf-oberaula.de<\/li>\n<li>Wasserski laufen in Kirchheim Kemmerode ( 6 km )<\/li>\n<li>Wildpark Kn\u00fcll besuchen www.wildpark-knuell.de<\/li>\n<li>Kanutour in Fulda www.kanutours-fulda.de.<\/li>\n<li>M\u00e4rchenroute fahren, M\u00e4rchenstra\u00dfe, die sch\u00f6nen Fachwerkst\u00e4dten Neukirchen, Alsfeld, Homberg-efze besuchen.<\/li>\n<li>Besuchen Sie in den Sommermonaten die bekannten Festspiele in Bad Hersfeld und machen Sie einen pr\u00e4chtigen Spaziergang durch den wundersch\u00f6nen Park.<br \/>\nwww.bad-hersfeld.de Der Wartburg in Eisenach www.eisenach.de<\/li>\n<li>Die Wasserf\u00e4lle von Christerode<\/li>\n<li>Die sch\u00f6nsten Universit\u00e4tsst\u00e4dte Marburg und Fulda lohnen sich bestimmt ein Besuch !<\/li>\n<li>Wintersport : Der Eisenberg ( 636m ) 15 min. www.skilift-eisenberg.de oder Rh\u00f6n 45 min. Ski fahren auf der Wasserkuppe 950 m. Der h\u00f6chste Berg von Hessen 16 km Pisten. Vergessen Sie den <a href=\"https:\/\/www.schneeketten4u.com\">Schneeketten<\/a> nicht!<\/li>\n<li>www.rhoen.de<\/li>\n<\/ul>\n<p>[\/vc_column_text][\/vc_column][\/vc_row][vc_row][vc_column][vc_images_carousel images=&#8220;325,326,327,329,328,330&#8243; img_size=&#8220;full&#8220; slides_per_view=&#8220;6&#8243;][\/vc_column][\/vc_row]<\/p>\n<\/div>","protected":false},"excerpt":{"rendered":"<p>[vc_row][vc_column][vc_column_text] Fantastische Umgebung. Hier kann man fantastische Spazierg\u00e4nge, Radtouren (es gibt Fahrradverleih) oder sch\u00f6ne Touren durch die weite Umgebung machen. Angeln im Teich beim Park. Schwimmen im Freibad, Hallenbad oder in den Wellnessb\u00e4dern von Bad Hersfeld oder Alsfeld. Schwimmen im Freibad oder Hallenbad in Oberaula. Sie k\u00f6nnen Golf spielen oder Golfunterricht nehmen auf dem driving [&hellip;]<\/p>\n","protected":false},"author":1,"featured_media":401,"parent":0,"menu_order":0,"comment_status":"closed","ping_status":"open","template":"page-header-width.php","meta":{"footnotes":""},"class_list":["post-59","page","type-page","status-publish","has-post-thumbnail","hentry"],"yoast_head":"<!-- This site is optimized with the Yoast SEO plugin v27.0 - https:\/\/yoast.com\/product\/yoast-seo-wordpress\/ -->\n<title>Aktivitaten - aulatal duits<\/title>\n<meta name=\"robots\" content=\"index, follow, max-snippet:-1, max-image-preview:large, max-video-preview:-1\" \/>\n<link rel=\"canonical\" href=\"https:\/\/www.aulatal.nl\/aulatal-duits\/aktivitaten\/\" \/>\n<meta property=\"og:locale\" content=\"de_DE\" \/>\n<meta property=\"og:type\" content=\"article\" \/>\n<meta property=\"og:title\" content=\"Aktivitaten - aulatal duits\" \/>\n<meta property=\"og:description\" content=\"[vc_row][vc_column][vc_column_text] Fantastische Umgebung. Hier kann man fantastische Spazierg\u00e4nge, Radtouren (es gibt Fahrradverleih) oder sch\u00f6ne Touren durch die weite Umgebung machen. Angeln im Teich beim Park. Schwimmen im Freibad, Hallenbad oder in den Wellnessb\u00e4dern von Bad Hersfeld oder Alsfeld. Schwimmen im Freibad oder Hallenbad in Oberaula. Sie k\u00f6nnen Golf spielen oder Golfunterricht nehmen auf dem driving [&hellip;]\" \/>\n<meta property=\"og:url\" content=\"https:\/\/www.aulatal.nl\/aulatal-duits\/aktivitaten\/\" \/>\n<meta property=\"og:site_name\" content=\"aulatal duits\" \/>\n<meta property=\"article:modified_time\" content=\"2024-01-07T16:26:56+00:00\" \/>\n<meta property=\"og:image\" content=\"https:\/\/www.aulatal.nl\/aulatal-duits\/images\/sites\/4\/2015\/06\/waterski-header.jpg\" \/>\n\t<meta property=\"og:image:width\" content=\"1975\" \/>\n\t<meta property=\"og:image:height\" content=\"400\" \/>\n\t<meta property=\"og:image:type\" content=\"image\/jpeg\" \/>\n<meta name=\"twitter:card\" content=\"summary_large_image\" \/>\n<meta name=\"twitter:label1\" content=\"Gesch\u00e4tzte Lesezeit\" \/>\n\t<meta name=\"twitter:data1\" content=\"3\u00a0Minuten\" \/>\n<script type=\"application\/ld+json\" class=\"yoast-schema-graph\">{\"@context\":\"https:\/\/schema.org\",\"@graph\":[{\"@type\":\"WebPage\",\"@id\":\"https:\/\/www.aulatal.nl\/aulatal-duits\/aktivitaten\/\",\"url\":\"https:\/\/www.aulatal.nl\/aulatal-duits\/aktivitaten\/\",\"name\":\"Aktivitaten - aulatal duits\",\"isPartOf\":{\"@id\":\"https:\/\/www.aulatal.nl\/aulatal-duits\/#website\"},\"primaryImageOfPage\":{\"@id\":\"https:\/\/www.aulatal.nl\/aulatal-duits\/aktivitaten\/#primaryimage\"},\"image\":{\"@id\":\"https:\/\/www.aulatal.nl\/aulatal-duits\/aktivitaten\/#primaryimage\"},\"thumbnailUrl\":\"https:\/\/www.aulatal.nl\/aulatal-duits\/images\/sites\/4\/2015\/06\/waterski-header.jpg\",\"datePublished\":\"2015-06-16T08:15:01+00:00\",\"dateModified\":\"2024-01-07T16:26:56+00:00\",\"breadcrumb\":{\"@id\":\"https:\/\/www.aulatal.nl\/aulatal-duits\/aktivitaten\/#breadcrumb\"},\"inLanguage\":\"de\",\"potentialAction\":[{\"@type\":\"ReadAction\",\"target\":[\"https:\/\/www.aulatal.nl\/aulatal-duits\/aktivitaten\/\"]}]},{\"@type\":\"ImageObject\",\"inLanguage\":\"de\",\"@id\":\"https:\/\/www.aulatal.nl\/aulatal-duits\/aktivitaten\/#primaryimage\",\"url\":\"https:\/\/www.aulatal.nl\/aulatal-duits\/images\/sites\/4\/2015\/06\/waterski-header.jpg\",\"contentUrl\":\"https:\/\/www.aulatal.nl\/aulatal-duits\/images\/sites\/4\/2015\/06\/waterski-header.jpg\",\"width\":1975,\"height\":400},{\"@type\":\"BreadcrumbList\",\"@id\":\"https:\/\/www.aulatal.nl\/aulatal-duits\/aktivitaten\/#breadcrumb\",\"itemListElement\":[{\"@type\":\"ListItem\",\"position\":1,\"name\":\"Startseite\",\"item\":\"https:\/\/www.aulatal.nl\/aulatal-duits\/\"},{\"@type\":\"ListItem\",\"position\":2,\"name\":\"Aktivitaten\"}]},{\"@type\":\"WebSite\",\"@id\":\"https:\/\/www.aulatal.nl\/aulatal-duits\/#website\",\"url\":\"https:\/\/www.aulatal.nl\/aulatal-duits\/\",\"name\":\"aulatal duits\",\"description\":\"Een andere Aulatal websites site\",\"potentialAction\":[{\"@type\":\"SearchAction\",\"target\":{\"@type\":\"EntryPoint\",\"urlTemplate\":\"https:\/\/www.aulatal.nl\/aulatal-duits\/?s={search_term_string}\"},\"query-input\":{\"@type\":\"PropertyValueSpecification\",\"valueRequired\":true,\"valueName\":\"search_term_string\"}}],\"inLanguage\":\"de\"}]}<\/script>\n<!-- \/ Yoast SEO plugin. -->","yoast_head_json":{"title":"Aktivitaten - aulatal duits","robots":{"index":"index","follow":"follow","max-snippet":"max-snippet:-1","max-image-preview":"max-image-preview:large","max-video-preview":"max-video-preview:-1"},"canonical":"https:\/\/www.aulatal.nl\/aulatal-duits\/aktivitaten\/","og_locale":"de_DE","og_type":"article","og_title":"Aktivitaten - aulatal duits","og_description":"[vc_row][vc_column][vc_column_text] Fantastische Umgebung. Hier kann man fantastische Spazierg\u00e4nge, Radtouren (es gibt Fahrradverleih) oder sch\u00f6ne Touren durch die weite Umgebung machen. Angeln im Teich beim Park. Schwimmen im Freibad, Hallenbad oder in den Wellnessb\u00e4dern von Bad Hersfeld oder Alsfeld. Schwimmen im Freibad oder Hallenbad in Oberaula. Sie k\u00f6nnen Golf spielen oder Golfunterricht nehmen auf dem driving [&hellip;]","og_url":"https:\/\/www.aulatal.nl\/aulatal-duits\/aktivitaten\/","og_site_name":"aulatal duits","article_modified_time":"2024-01-07T16:26:56+00:00","og_image":[{"width":1975,"height":400,"url":"https:\/\/www.aulatal.nl\/aulatal-duits\/images\/sites\/4\/2015\/06\/waterski-header.jpg","type":"image\/jpeg"}],"twitter_card":"summary_large_image","twitter_misc":{"Gesch\u00e4tzte Lesezeit":"3\u00a0Minuten"},"schema":{"@context":"https:\/\/schema.org","@graph":[{"@type":"WebPage","@id":"https:\/\/www.aulatal.nl\/aulatal-duits\/aktivitaten\/","url":"https:\/\/www.aulatal.nl\/aulatal-duits\/aktivitaten\/","name":"Aktivitaten - aulatal duits","isPartOf":{"@id":"https:\/\/www.aulatal.nl\/aulatal-duits\/#website"},"primaryImageOfPage":{"@id":"https:\/\/www.aulatal.nl\/aulatal-duits\/aktivitaten\/#primaryimage"},"image":{"@id":"https:\/\/www.aulatal.nl\/aulatal-duits\/aktivitaten\/#primaryimage"},"thumbnailUrl":"https:\/\/www.aulatal.nl\/aulatal-duits\/images\/sites\/4\/2015\/06\/waterski-header.jpg","datePublished":"2015-06-16T08:15:01+00:00","dateModified":"2024-01-07T16:26:56+00:00","breadcrumb":{"@id":"https:\/\/www.aulatal.nl\/aulatal-duits\/aktivitaten\/#breadcrumb"},"inLanguage":"de","potentialAction":[{"@type":"ReadAction","target":["https:\/\/www.aulatal.nl\/aulatal-duits\/aktivitaten\/"]}]},{"@type":"ImageObject","inLanguage":"de","@id":"https:\/\/www.aulatal.nl\/aulatal-duits\/aktivitaten\/#primaryimage","url":"https:\/\/www.aulatal.nl\/aulatal-duits\/images\/sites\/4\/2015\/06\/waterski-header.jpg","contentUrl":"https:\/\/www.aulatal.nl\/aulatal-duits\/images\/sites\/4\/2015\/06\/waterski-header.jpg","width":1975,"height":400},{"@type":"BreadcrumbList","@id":"https:\/\/www.aulatal.nl\/aulatal-duits\/aktivitaten\/#breadcrumb","itemListElement":[{"@type":"ListItem","position":1,"name":"Startseite","item":"https:\/\/www.aulatal.nl\/aulatal-duits\/"},{"@type":"ListItem","position":2,"name":"Aktivitaten"}]},{"@type":"WebSite","@id":"https:\/\/www.aulatal.nl\/aulatal-duits\/#website","url":"https:\/\/www.aulatal.nl\/aulatal-duits\/","name":"aulatal duits","description":"Een andere Aulatal websites site","potentialAction":[{"@type":"SearchAction","target":{"@type":"EntryPoint","urlTemplate":"https:\/\/www.aulatal.nl\/aulatal-duits\/?s={search_term_string}"},"query-input":{"@type":"PropertyValueSpecification","valueRequired":true,"valueName":"search_term_string"}}],"inLanguage":"de"}]}},"_links":{"self":[{"href":"https:\/\/www.aulatal.nl\/aulatal-duits\/wp-json\/wp\/v2\/pages\/59","targetHints":{"allow":["GET"]}}],"collection":[{"href":"https:\/\/www.aulatal.nl\/aulatal-duits\/wp-json\/wp\/v2\/pages"}],"about":[{"href":"https:\/\/www.aulatal.nl\/aulatal-duits\/wp-json\/wp\/v2\/types\/page"}],"author":[{"embeddable":true,"href":"https:\/\/www.aulatal.nl\/aulatal-duits\/wp-json\/wp\/v2\/users\/1"}],"replies":[{"embeddable":true,"href":"https:\/\/www.aulatal.nl\/aulatal-duits\/wp-json\/wp\/v2\/comments?post=59"}],"version-history":[{"count":10,"href":"https:\/\/www.aulatal.nl\/aulatal-duits\/wp-json\/wp\/v2\/pages\/59\/revisions"}],"predecessor-version":[{"id":541,"href":"https:\/\/www.aulatal.nl\/aulatal-duits\/wp-json\/wp\/v2\/pages\/59\/revisions\/541"}],"wp:featuredmedia":[{"embeddable":true,"href":"https:\/\/www.aulatal.nl\/aulatal-duits\/wp-json\/wp\/v2\/media\/401"}],"wp:attachment":[{"href":"https:\/\/www.aulatal.nl\/aulatal-duits\/wp-json\/wp\/v2\/media?parent=59"}],"curies":[{"name":"wp","href":"https:\/\/api.w.org\/{rel}","templated":true}]}}