{"id":53,"date":"2015-06-16T08:17:07","date_gmt":"2015-06-16T07:17:07","guid":{"rendered":"http:\/\/aulatal.nl\/aulatal-duits\/?page_id=53"},"modified":"2018-05-24T15:39:43","modified_gmt":"2018-05-24T14:39:43","slug":"umgebung","status":"publish","type":"page","link":"https:\/\/www.aulatal.nl\/aulatal-duits\/umgebung\/","title":{"rendered":"Umgebung"},"content":{"rendered":"<div class=\"wpb-content-wrapper\"><p>[vc_row full_width=&#8220;&#8220; parallax=&#8220;&#8220; parallax_image=&#8220;&#8220;][vc_column width=&#8220;1\/1&#8243;][vc_column_text]Oberaula liegt im pr\u00e4chtigen Hessischen Kn\u00fcllgebirge, hier finden Sie eine pr\u00e4chtige Natur, wundersch\u00f6ne Gebirgslandschaften, eine reiche Kultur und viele Fachwerkst\u00e4dte und D\u00f6rfer. Sie k\u00f6nnen hier herrliche Spazierg\u00e4nge und Radtouren machen, Ruhe, Natur und die vielen Ausflugsm\u00f6glichkeiten in der sch\u00f6nen Umgebung genie\u00dfen.[\/vc_column_text][\/vc_column][\/vc_row][vc_row full_width=&#8220;&#8220; parallax=&#8220;&#8220; parallax_image=&#8220;&#8220; el_id=&#8220;&#8220;][vc_column width=&#8220;1\/2&#8243;][vc_column_text]<img loading=\"lazy\" decoding=\"async\" class=\" size-medium wp-image-195 alignright\" src=\"http:\/\/aulatal.nl\/images\/2015\/06\/gemeentehuis_alsfeld-300x226.jpg\" alt=\"gemeentehuis_alsfeld\" width=\"300\" height=\"226\" \/><\/p>\n<h4>Fachwerkstadje Alsfeld (17km )<\/h4>\n<p><span id=\"resulttxt\" class=\"mt-translation-content\">Die bekannte<\/span>\u00a0Fachwerkstadje Alsfeld\u00a0ist wirklich eine Sehensw\u00fcrdigkeit mit seinen mittelalterlichen Geb\u00e4uden aus dem 14. Und 15. Jahrhundert. In 1975 wurde Alsfeld als europ\u00e4ische Modellstadt ausgezeichnet. Mit mehr als 400 Fachwerkgeb\u00e4uden ist die Stadt eine m\u00e4rchenhafte Kulisse f\u00fcr das weltber\u00fchmte Rotk\u00e4ppchen.[\/vc_column_text][vc_column_text]<\/p>\n<h4>Hessen<\/h4>\n<p>Hessen ist M\u00e4rchenland, Rotk\u00e4ppchenland, vergessen Sie nicht einen Teil der M\u00e4rchenroute zu fahren die dieses Gebiet durchkreuzt. Die bekannten M\u00e4rchen von Rotk\u00e4ppchen, H\u00e4nsel und Gretel, Dornr\u00f6schen haben hier Ihren Ursprung.[\/vc_column_text][\/vc_column][vc_column width=&#8220;1\/2&#8243;][vc_column_text]<img loading=\"lazy\" decoding=\"async\" class=\"alignright wp-image-200 size-full\" src=\"http:\/\/aulatal.nl\/images\/2015\/06\/weihnachtsmarkt-bad-hersfeld.jpg\" alt=\"weihnachtsmarkt-bad-hersfeld\" width=\"270\" height=\"320\" \/><\/p>\n<h4>Bad Hersfeld ( 20km)<\/h4>\n<p>Bad Hersfeld ist eine ziemlich gro\u00dfe Stadt mit einem gem\u00fctlichen Einkaufszentrum und vielen charakteristischen Fachwerkh\u00e4usern. Bad Hersfeld ist bekannt f\u00fcr die Hersfelder Festspiele in den Sommermonaten. Es betrifft Theatervorstellungen, Musicals und Kindervorstellen die in einer alten Klosterruine stattfinden. Hier predigte Martin Luther in 1521.<\/p>\n<p>Der \u201ePark der Saisonen\u201c in Bad Hersfeld ( 7 Ha) wurde in 2008 zum zweitsch\u00f6nsten Park Deutschlands erkl\u00e4rt.<\/p>\n<p>Der Weihnachtsmarkt von Bad Hersfeld wird von vielen Menschen besucht.<\/p>\n<p>Weihnachtsmarkt Bad Hersfeld.<\/p>\n<p>In Bad Hersfeld befindet sich ein pr\u00e4chtiges Kurbad Therme ( Am Kurpark 10 ) mit sch\u00f6nem Schwimmbad, pr\u00e4chtiger Saunalandschaft und Wellnessbehandlungen.<\/p>\n<p>F\u00fcr die Kinder bietet der Jahnpark viele M\u00f6glichkeiten sowie Ballspiele, Kletterwald, Minigolf und das gr\u00fcne Klassenzimmer. <a href=\"http:\/\/www.bad-hersfeld.de\" target=\"_blank\" rel=\"noopener\">www.bad-hersfeld.de<\/a>[\/vc_column_text][\/vc_column][\/vc_row][vc_row full_width=&#8220;&#8220; parallax=&#8220;&#8220; parallax_image=&#8220;&#8220;][vc_column width=&#8220;1\/2&#8243;][vc_column_text]<\/p>\n<h4>Wildpark Kn\u00fcll<\/h4>\n<p>Der Wildpark Kn\u00fcll ist ein fantastisches Erlebnis. www.wildpark-knuell.de<br \/>\n[\/vc_column_text][vc_single_image image=&#8220;369&#8243; border_color=&#8220;grey&#8220; img_link_large=&#8220;&#8220; img_link_target=&#8220;_self&#8220; img_size=&#8220;full&#8220;][\/vc_column][vc_column width=&#8220;1\/2&#8243;][vc_column_text]<\/p>\n<h4>Kirchheim Kemmerode<\/h4>\n<p>Hier kann man im Sommer Wasserski laufen (6 km entfernt).[\/vc_column_text][vc_single_image image=&#8220;380&#8243; border_color=&#8220;grey&#8220; img_link_large=&#8220;&#8220; img_link_target=&#8220;_self&#8220; img_size=&#8220;full&#8220;][\/vc_column][\/vc_row][vc_row full_width=&#8220;&#8220; parallax=&#8220;&#8220; parallax_image=&#8220;&#8220;][vc_column width=&#8220;1\/2&#8243;][vc_column_text]<\/p>\n<h4>Fulda<\/h4>\n<p><strong>Fulda<\/strong> liegt etwa 30 Minuten entfernt. Die bekannte Barockstadt mit gem\u00fctlicher, alter Innenstadt, wundersch\u00f6nem Dom, Stadtschloss mit seinem sch\u00f6nen Park lohnt sich bestimmt ein Besuch. Sie k\u00f6nnen auch eine Kanutour auf der Fulda machen.<span id=\"resulttxt\" class=\"mt-translation-content\"><\/span> <a href=\"http:\/\/www.kanutours-fulda.de\/\" target=\"_blank\" rel=\"noopener\">www.kanutours-fulda.de<\/a><\/p>\n<p>Sind Sie in Dezember in Fulda? Dann sollten Sie bestimmt den Weihnachtsmarkt besuchen.<\/p>\n<p>Neukirchen ist ein gem\u00fctliches, uraltes Dorf neben Oberaula, hier befindet sich das M\u00e4rchenhaus.[\/vc_column_text][vc_row_inner][vc_column_inner el_class=&#8220;&#8220; width=&#8220;1\/3&#8243;][vc_images_carousel onclick=&#8220;link_image&#8220; custom_links_target=&#8220;_self&#8220; mode=&#8220;horizontal&#8220; speed=&#8220;5000&#8243; slides_per_view=&#8220;1&#8243; autoplay=&#8220;yes&#8220; hide_pagination_control=&#8220;yes&#8220; hide_prev_next_buttons=&#8220;yes&#8220; partial_view=&#8220;&#8220; wrap=&#8220;&#8220; img_size=&#8220;full&#8220; images=&#8220;344&#8243;][vc_column_text]<\/p>\n<h5 style=\"text-align: center;\">Dom (Fulda)<\/h5>\n<p>[\/vc_column_text][vc_empty_space height=&#8220;15px&#8220;][\/vc_column_inner][vc_column_inner el_class=&#8220;&#8220; width=&#8220;1\/3&#8243;][vc_images_carousel onclick=&#8220;link_image&#8220; custom_links_target=&#8220;_self&#8220; mode=&#8220;horizontal&#8220; speed=&#8220;5000&#8243; slides_per_view=&#8220;1&#8243; autoplay=&#8220;yes&#8220; hide_pagination_control=&#8220;yes&#8220; hide_prev_next_buttons=&#8220;yes&#8220; partial_view=&#8220;&#8220; wrap=&#8220;&#8220; img_size=&#8220;full&#8220; images=&#8220;375&#8243;][vc_column_text]<\/p>\n<h5 style=\"text-align: center;\">Park\u00a0(Fulda)<\/h5>\n<p>[\/vc_column_text][vc_empty_space height=&#8220;15px&#8220;][\/vc_column_inner][vc_column_inner el_class=&#8220;&#8220; width=&#8220;1\/3&#8243;][vc_images_carousel onclick=&#8220;link_image&#8220; custom_links_target=&#8220;_self&#8220; mode=&#8220;horizontal&#8220; speed=&#8220;5000&#8243; slides_per_view=&#8220;1&#8243; autoplay=&#8220;yes&#8220; hide_pagination_control=&#8220;yes&#8220; hide_prev_next_buttons=&#8220;yes&#8220; partial_view=&#8220;&#8220; wrap=&#8220;&#8220; img_size=&#8220;full&#8220; images=&#8220;377&#8243;][vc_column_text]<\/p>\n<h5 style=\"text-align: center;\">Stadtschloss (Fulda)<\/h5>\n<p>[\/vc_column_text][vc_empty_space height=&#8220;15px&#8220;][\/vc_column_inner][\/vc_row_inner][\/vc_column][vc_column width=&#8220;1\/2&#8243;][vc_column_text]<\/p>\n<h4>Der Wartburg in Eisenach<br \/>\npr\u00e4chtig! www.eisenach.de<\/h4>\n<p>Marburg, eine gem\u00fctliche Stadt, lohnt sich bestimmt ein Besuch !<\/p>\n<h4>Wintersport : Der Eisenberg ( 636m)<\/h4>\n<p>Wintersport : Der Eisenberg liegt 15. Minuten vom Park entfernt, hier gibt es einige einfache Abfahrten, Langlaufloipen und eine gem\u00fctliche Skih\u00fctte. www.skilift-eisenberg-de Rh\u00f6n, das h\u00f6chstgelegene Skigebiet Deutschlands au\u00dfer den Alpen mit der Wasserkuppe (928m) liegt 45. Minuten entfernt.<\/p>\n<p>Hier gibt es 16km an Pisten (27 Lifte) und zahlreiche Loipen. Hier gibt es auch Paragliding und Segelfliegen. www.rhoen.de<\/p>\n<p>Nur eine Auswahl der vielen Ausflugsm\u00f6glichkeiten in der Umgebung![\/vc_column_text][\/vc_column][\/vc_row]<\/p>\n<\/div>","protected":false},"excerpt":{"rendered":"<p>[vc_row full_width=&#8220;&#8220; parallax=&#8220;&#8220; parallax_image=&#8220;&#8220;][vc_column width=&#8220;1\/1&#8243;][vc_column_text]Oberaula liegt im pr\u00e4chtigen Hessischen Kn\u00fcllgebirge, hier finden Sie eine pr\u00e4chtige Natur, wundersch\u00f6ne Gebirgslandschaften, eine reiche Kultur und viele Fachwerkst\u00e4dte und D\u00f6rfer. Sie k\u00f6nnen hier herrliche Spazierg\u00e4nge und Radtouren machen, Ruhe, Natur und die vielen Ausflugsm\u00f6glichkeiten in der sch\u00f6nen Umgebung genie\u00dfen.[\/vc_column_text][\/vc_column][\/vc_row][vc_row full_width=&#8220;&#8220; parallax=&#8220;&#8220; parallax_image=&#8220;&#8220; el_id=&#8220;&#8220;][vc_column width=&#8220;1\/2&#8243;][vc_column_text] Fachwerkstadje Alsfeld (17km ) Die [&hellip;]<\/p>\n","protected":false},"author":1,"featured_media":518,"parent":0,"menu_order":0,"comment_status":"closed","ping_status":"open","template":"page-header-width.php","meta":{"footnotes":""},"class_list":["post-53","page","type-page","status-publish","has-post-thumbnail","hentry"],"yoast_head":"<!-- This site is optimized with the Yoast SEO plugin v27.0 - https:\/\/yoast.com\/product\/yoast-seo-wordpress\/ -->\n<title>Umgebung - aulatal duits<\/title>\n<meta name=\"robots\" content=\"index, follow, max-snippet:-1, max-image-preview:large, max-video-preview:-1\" \/>\n<link rel=\"canonical\" href=\"https:\/\/www.aulatal.nl\/aulatal-duits\/umgebung\/\" \/>\n<meta property=\"og:locale\" content=\"de_DE\" \/>\n<meta property=\"og:type\" content=\"article\" \/>\n<meta property=\"og:title\" content=\"Umgebung - aulatal duits\" \/>\n<meta property=\"og:description\" content=\"[vc_row full_width=&#8220;&#8220; parallax=&#8220;&#8220; parallax_image=&#8220;&#8220;][vc_column width=&#8220;1\/1&#8243;][vc_column_text]Oberaula liegt im pr\u00e4chtigen Hessischen Kn\u00fcllgebirge, hier finden Sie eine pr\u00e4chtige Natur, wundersch\u00f6ne Gebirgslandschaften, eine reiche Kultur und viele Fachwerkst\u00e4dte und D\u00f6rfer. Sie k\u00f6nnen hier herrliche Spazierg\u00e4nge und Radtouren machen, Ruhe, Natur und die vielen Ausflugsm\u00f6glichkeiten in der sch\u00f6nen Umgebung genie\u00dfen.[\/vc_column_text][\/vc_column][\/vc_row][vc_row full_width=&#8220;&#8220; parallax=&#8220;&#8220; parallax_image=&#8220;&#8220; el_id=&#8220;&#8220;][vc_column width=&#8220;1\/2&#8243;][vc_column_text] Fachwerkstadje Alsfeld (17km ) Die [&hellip;]\" \/>\n<meta property=\"og:url\" content=\"https:\/\/www.aulatal.nl\/aulatal-duits\/umgebung\/\" \/>\n<meta property=\"og:site_name\" content=\"aulatal duits\" \/>\n<meta property=\"article:modified_time\" content=\"2018-05-24T14:39:43+00:00\" \/>\n<meta property=\"og:image\" content=\"https:\/\/www.aulatal.nl\/aulatal-duits\/images\/sites\/4\/2018\/05\/headeromgeveing.jpg\" \/>\n\t<meta property=\"og:image:width\" content=\"1920\" \/>\n\t<meta property=\"og:image:height\" content=\"700\" \/>\n\t<meta property=\"og:image:type\" content=\"image\/jpeg\" \/>\n<meta name=\"twitter:card\" content=\"summary_large_image\" \/>\n<meta name=\"twitter:label1\" content=\"Gesch\u00e4tzte Lesezeit\" \/>\n\t<meta name=\"twitter:data1\" content=\"4\u00a0Minuten\" \/>\n<script type=\"application\/ld+json\" class=\"yoast-schema-graph\">{\"@context\":\"https:\/\/schema.org\",\"@graph\":[{\"@type\":\"WebPage\",\"@id\":\"https:\/\/www.aulatal.nl\/aulatal-duits\/umgebung\/\",\"url\":\"https:\/\/www.aulatal.nl\/aulatal-duits\/umgebung\/\",\"name\":\"Umgebung - aulatal duits\",\"isPartOf\":{\"@id\":\"https:\/\/www.aulatal.nl\/aulatal-duits\/#website\"},\"primaryImageOfPage\":{\"@id\":\"https:\/\/www.aulatal.nl\/aulatal-duits\/umgebung\/#primaryimage\"},\"image\":{\"@id\":\"https:\/\/www.aulatal.nl\/aulatal-duits\/umgebung\/#primaryimage\"},\"thumbnailUrl\":\"https:\/\/www.aulatal.nl\/aulatal-duits\/images\/sites\/4\/2018\/05\/headeromgeveing.jpg\",\"datePublished\":\"2015-06-16T07:17:07+00:00\",\"dateModified\":\"2018-05-24T14:39:43+00:00\",\"breadcrumb\":{\"@id\":\"https:\/\/www.aulatal.nl\/aulatal-duits\/umgebung\/#breadcrumb\"},\"inLanguage\":\"de\",\"potentialAction\":[{\"@type\":\"ReadAction\",\"target\":[\"https:\/\/www.aulatal.nl\/aulatal-duits\/umgebung\/\"]}]},{\"@type\":\"ImageObject\",\"inLanguage\":\"de\",\"@id\":\"https:\/\/www.aulatal.nl\/aulatal-duits\/umgebung\/#primaryimage\",\"url\":\"https:\/\/www.aulatal.nl\/aulatal-duits\/images\/sites\/4\/2018\/05\/headeromgeveing.jpg\",\"contentUrl\":\"https:\/\/www.aulatal.nl\/aulatal-duits\/images\/sites\/4\/2018\/05\/headeromgeveing.jpg\",\"width\":1920,\"height\":700},{\"@type\":\"BreadcrumbList\",\"@id\":\"https:\/\/www.aulatal.nl\/aulatal-duits\/umgebung\/#breadcrumb\",\"itemListElement\":[{\"@type\":\"ListItem\",\"position\":1,\"name\":\"Startseite\",\"item\":\"https:\/\/www.aulatal.nl\/aulatal-duits\/\"},{\"@type\":\"ListItem\",\"position\":2,\"name\":\"Umgebung\"}]},{\"@type\":\"WebSite\",\"@id\":\"https:\/\/www.aulatal.nl\/aulatal-duits\/#website\",\"url\":\"https:\/\/www.aulatal.nl\/aulatal-duits\/\",\"name\":\"aulatal duits\",\"description\":\"Een andere Aulatal websites site\",\"potentialAction\":[{\"@type\":\"SearchAction\",\"target\":{\"@type\":\"EntryPoint\",\"urlTemplate\":\"https:\/\/www.aulatal.nl\/aulatal-duits\/?s={search_term_string}\"},\"query-input\":{\"@type\":\"PropertyValueSpecification\",\"valueRequired\":true,\"valueName\":\"search_term_string\"}}],\"inLanguage\":\"de\"}]}<\/script>\n<!-- \/ Yoast SEO plugin. -->","yoast_head_json":{"title":"Umgebung - aulatal duits","robots":{"index":"index","follow":"follow","max-snippet":"max-snippet:-1","max-image-preview":"max-image-preview:large","max-video-preview":"max-video-preview:-1"},"canonical":"https:\/\/www.aulatal.nl\/aulatal-duits\/umgebung\/","og_locale":"de_DE","og_type":"article","og_title":"Umgebung - aulatal duits","og_description":"[vc_row full_width=&#8220;&#8220; parallax=&#8220;&#8220; parallax_image=&#8220;&#8220;][vc_column width=&#8220;1\/1&#8243;][vc_column_text]Oberaula liegt im pr\u00e4chtigen Hessischen Kn\u00fcllgebirge, hier finden Sie eine pr\u00e4chtige Natur, wundersch\u00f6ne Gebirgslandschaften, eine reiche Kultur und viele Fachwerkst\u00e4dte und D\u00f6rfer. Sie k\u00f6nnen hier herrliche Spazierg\u00e4nge und Radtouren machen, Ruhe, Natur und die vielen Ausflugsm\u00f6glichkeiten in der sch\u00f6nen Umgebung genie\u00dfen.[\/vc_column_text][\/vc_column][\/vc_row][vc_row full_width=&#8220;&#8220; parallax=&#8220;&#8220; parallax_image=&#8220;&#8220; el_id=&#8220;&#8220;][vc_column width=&#8220;1\/2&#8243;][vc_column_text] Fachwerkstadje Alsfeld (17km ) Die [&hellip;]","og_url":"https:\/\/www.aulatal.nl\/aulatal-duits\/umgebung\/","og_site_name":"aulatal duits","article_modified_time":"2018-05-24T14:39:43+00:00","og_image":[{"width":1920,"height":700,"url":"https:\/\/www.aulatal.nl\/aulatal-duits\/images\/sites\/4\/2018\/05\/headeromgeveing.jpg","type":"image\/jpeg"}],"twitter_card":"summary_large_image","twitter_misc":{"Gesch\u00e4tzte Lesezeit":"4\u00a0Minuten"},"schema":{"@context":"https:\/\/schema.org","@graph":[{"@type":"WebPage","@id":"https:\/\/www.aulatal.nl\/aulatal-duits\/umgebung\/","url":"https:\/\/www.aulatal.nl\/aulatal-duits\/umgebung\/","name":"Umgebung - aulatal duits","isPartOf":{"@id":"https:\/\/www.aulatal.nl\/aulatal-duits\/#website"},"primaryImageOfPage":{"@id":"https:\/\/www.aulatal.nl\/aulatal-duits\/umgebung\/#primaryimage"},"image":{"@id":"https:\/\/www.aulatal.nl\/aulatal-duits\/umgebung\/#primaryimage"},"thumbnailUrl":"https:\/\/www.aulatal.nl\/aulatal-duits\/images\/sites\/4\/2018\/05\/headeromgeveing.jpg","datePublished":"2015-06-16T07:17:07+00:00","dateModified":"2018-05-24T14:39:43+00:00","breadcrumb":{"@id":"https:\/\/www.aulatal.nl\/aulatal-duits\/umgebung\/#breadcrumb"},"inLanguage":"de","potentialAction":[{"@type":"ReadAction","target":["https:\/\/www.aulatal.nl\/aulatal-duits\/umgebung\/"]}]},{"@type":"ImageObject","inLanguage":"de","@id":"https:\/\/www.aulatal.nl\/aulatal-duits\/umgebung\/#primaryimage","url":"https:\/\/www.aulatal.nl\/aulatal-duits\/images\/sites\/4\/2018\/05\/headeromgeveing.jpg","contentUrl":"https:\/\/www.aulatal.nl\/aulatal-duits\/images\/sites\/4\/2018\/05\/headeromgeveing.jpg","width":1920,"height":700},{"@type":"BreadcrumbList","@id":"https:\/\/www.aulatal.nl\/aulatal-duits\/umgebung\/#breadcrumb","itemListElement":[{"@type":"ListItem","position":1,"name":"Startseite","item":"https:\/\/www.aulatal.nl\/aulatal-duits\/"},{"@type":"ListItem","position":2,"name":"Umgebung"}]},{"@type":"WebSite","@id":"https:\/\/www.aulatal.nl\/aulatal-duits\/#website","url":"https:\/\/www.aulatal.nl\/aulatal-duits\/","name":"aulatal duits","description":"Een andere Aulatal websites site","potentialAction":[{"@type":"SearchAction","target":{"@type":"EntryPoint","urlTemplate":"https:\/\/www.aulatal.nl\/aulatal-duits\/?s={search_term_string}"},"query-input":{"@type":"PropertyValueSpecification","valueRequired":true,"valueName":"search_term_string"}}],"inLanguage":"de"}]}},"_links":{"self":[{"href":"https:\/\/www.aulatal.nl\/aulatal-duits\/wp-json\/wp\/v2\/pages\/53","targetHints":{"allow":["GET"]}}],"collection":[{"href":"https:\/\/www.aulatal.nl\/aulatal-duits\/wp-json\/wp\/v2\/pages"}],"about":[{"href":"https:\/\/www.aulatal.nl\/aulatal-duits\/wp-json\/wp\/v2\/types\/page"}],"author":[{"embeddable":true,"href":"https:\/\/www.aulatal.nl\/aulatal-duits\/wp-json\/wp\/v2\/users\/1"}],"replies":[{"embeddable":true,"href":"https:\/\/www.aulatal.nl\/aulatal-duits\/wp-json\/wp\/v2\/comments?post=53"}],"version-history":[{"count":7,"href":"https:\/\/www.aulatal.nl\/aulatal-duits\/wp-json\/wp\/v2\/pages\/53\/revisions"}],"predecessor-version":[{"id":519,"href":"https:\/\/www.aulatal.nl\/aulatal-duits\/wp-json\/wp\/v2\/pages\/53\/revisions\/519"}],"wp:featuredmedia":[{"embeddable":true,"href":"https:\/\/www.aulatal.nl\/aulatal-duits\/wp-json\/wp\/v2\/media\/518"}],"wp:attachment":[{"href":"https:\/\/www.aulatal.nl\/aulatal-duits\/wp-json\/wp\/v2\/media?parent=53"}],"curies":[{"name":"wp","href":"https:\/\/api.w.org\/{rel}","templated":true}]}}