{"id":498,"date":"2018-05-23T09:37:02","date_gmt":"2018-05-23T08:37:02","guid":{"rendered":"https:\/\/www.aulatal.nl\/aulatal-duits\/?page_id=498"},"modified":"2018-05-23T13:44:20","modified_gmt":"2018-05-23T12:44:20","slug":"angelplatz","status":"publish","type":"page","link":"https:\/\/www.aulatal.nl\/aulatal-duits\/angelplatz\/","title":{"rendered":"Angelplatz"},"content":{"rendered":"<div class=\"wpb-content-wrapper\"><p>[vc_row][vc_column][vc_column_text]Zu Fu\u00df und nur zwei minuten von der H\u00fctte k\u00f6nnen Sie im Teich von Aulatal fischen! Es gibt gro\u00dfe Karpfen, Zander, Wels, Stock und Aal.<\/p>\n<p>Im Ort Ottrau gibt es auch einen gro\u00dfen Teich sowie in der Ortschaft Olbenrode. Diese Teiche sind 5 Minuten mit dem Auto entfernt. Angelkarten k\u00f6nnen im Caf\u00e9 Schneider im Dorf Oberaula (neben dem Hotel Stern) gekauft werden. Wenn Sie f\u00fcr einen Tag als begeisterter Angler fischen gehen m\u00f6chten, betragen die Kosten f\u00fcr alle drei Teiche 10 \u20ac pro Tag.[\/vc_column_text][\/vc_column][\/vc_row][vc_row][vc_column][vc_gallery type=&#8220;flexslider_slide&#8220; interval=&#8220;3&#8243; images=&#8220;502,503,504,508,509&#8243; img_size=&#8220;full&#8220;][\/vc_column][\/vc_row][vc_row][vc_column][vc_cta h2=&#8220;&#8220; add_button=&#8220;right&#8220; btn_title=&#8220;Buche jetzt&#8220; btn_color=&#8220;blue&#8220; btn_link=&#8220;url:http%3A%2F%2Faulatal.nl%2Faulatal-duits%2Fkontakt%2F|title:Buche%20jetzt|&#8220;]F\u00fcr Kommentare oder Fragen \u00fcber den Park und Oberaula z\u00f6gern Sie nicht, uns \u00fcber unser Kontaktformular[\/vc_cta][\/vc_column][\/vc_row]<\/p>\n<\/div>","protected":false},"excerpt":{"rendered":"<p>[vc_row][vc_column][vc_column_text]Zu Fu\u00df und nur zwei minuten von der H\u00fctte k\u00f6nnen Sie im Teich von Aulatal fischen! Es gibt gro\u00dfe Karpfen, Zander, Wels, Stock und Aal. Im Ort Ottrau gibt es auch einen gro\u00dfen Teich sowie in der Ortschaft Olbenrode. Diese Teiche sind 5 Minuten mit dem Auto entfernt. Angelkarten k\u00f6nnen im Caf\u00e9 Schneider im Dorf [&hellip;]<\/p>\n","protected":false},"author":1,"featured_media":500,"parent":0,"menu_order":0,"comment_status":"closed","ping_status":"closed","template":"page-header-width.php","meta":{"footnotes":""},"class_list":["post-498","page","type-page","status-publish","has-post-thumbnail","hentry"],"yoast_head":"<!-- This site is optimized with the Yoast SEO plugin v27.0 - https:\/\/yoast.com\/product\/yoast-seo-wordpress\/ -->\n<title>Angelplatz - aulatal duits<\/title>\n<meta name=\"robots\" content=\"index, follow, max-snippet:-1, max-image-preview:large, max-video-preview:-1\" \/>\n<link rel=\"canonical\" href=\"https:\/\/www.aulatal.nl\/aulatal-duits\/angelplatz\/\" \/>\n<meta property=\"og:locale\" content=\"de_DE\" \/>\n<meta property=\"og:type\" content=\"article\" \/>\n<meta property=\"og:title\" content=\"Angelplatz - aulatal duits\" \/>\n<meta property=\"og:description\" content=\"[vc_row][vc_column][vc_column_text]Zu Fu\u00df und nur zwei minuten von der H\u00fctte k\u00f6nnen Sie im Teich von Aulatal fischen! Es gibt gro\u00dfe Karpfen, Zander, Wels, Stock und Aal. Im Ort Ottrau gibt es auch einen gro\u00dfen Teich sowie in der Ortschaft Olbenrode. Diese Teiche sind 5 Minuten mit dem Auto entfernt. Angelkarten k\u00f6nnen im Caf\u00e9 Schneider im Dorf [&hellip;]\" \/>\n<meta property=\"og:url\" content=\"https:\/\/www.aulatal.nl\/aulatal-duits\/angelplatz\/\" \/>\n<meta property=\"og:site_name\" content=\"aulatal duits\" \/>\n<meta property=\"article:modified_time\" content=\"2018-05-23T12:44:20+00:00\" \/>\n<meta property=\"og:image\" content=\"https:\/\/www.aulatal.nl\/aulatal-duits\/images\/sites\/4\/2018\/05\/header-visvijver-1.jpg\" \/>\n\t<meta property=\"og:image:width\" content=\"1920\" \/>\n\t<meta property=\"og:image:height\" content=\"480\" \/>\n\t<meta property=\"og:image:type\" content=\"image\/jpeg\" \/>\n<meta name=\"twitter:card\" content=\"summary_large_image\" \/>\n<meta name=\"twitter:label1\" content=\"Gesch\u00e4tzte Lesezeit\" \/>\n\t<meta name=\"twitter:data1\" content=\"1\u00a0Minute\" \/>\n<script type=\"application\/ld+json\" class=\"yoast-schema-graph\">{\"@context\":\"https:\/\/schema.org\",\"@graph\":[{\"@type\":\"WebPage\",\"@id\":\"https:\/\/www.aulatal.nl\/aulatal-duits\/angelplatz\/\",\"url\":\"https:\/\/www.aulatal.nl\/aulatal-duits\/angelplatz\/\",\"name\":\"Angelplatz - aulatal duits\",\"isPartOf\":{\"@id\":\"https:\/\/www.aulatal.nl\/aulatal-duits\/#website\"},\"primaryImageOfPage\":{\"@id\":\"https:\/\/www.aulatal.nl\/aulatal-duits\/angelplatz\/#primaryimage\"},\"image\":{\"@id\":\"https:\/\/www.aulatal.nl\/aulatal-duits\/angelplatz\/#primaryimage\"},\"thumbnailUrl\":\"https:\/\/www.aulatal.nl\/aulatal-duits\/images\/sites\/4\/2018\/05\/header-visvijver-1.jpg\",\"datePublished\":\"2018-05-23T08:37:02+00:00\",\"dateModified\":\"2018-05-23T12:44:20+00:00\",\"breadcrumb\":{\"@id\":\"https:\/\/www.aulatal.nl\/aulatal-duits\/angelplatz\/#breadcrumb\"},\"inLanguage\":\"de\",\"potentialAction\":[{\"@type\":\"ReadAction\",\"target\":[\"https:\/\/www.aulatal.nl\/aulatal-duits\/angelplatz\/\"]}]},{\"@type\":\"ImageObject\",\"inLanguage\":\"de\",\"@id\":\"https:\/\/www.aulatal.nl\/aulatal-duits\/angelplatz\/#primaryimage\",\"url\":\"https:\/\/www.aulatal.nl\/aulatal-duits\/images\/sites\/4\/2018\/05\/header-visvijver-1.jpg\",\"contentUrl\":\"https:\/\/www.aulatal.nl\/aulatal-duits\/images\/sites\/4\/2018\/05\/header-visvijver-1.jpg\",\"width\":1920,\"height\":480},{\"@type\":\"BreadcrumbList\",\"@id\":\"https:\/\/www.aulatal.nl\/aulatal-duits\/angelplatz\/#breadcrumb\",\"itemListElement\":[{\"@type\":\"ListItem\",\"position\":1,\"name\":\"Startseite\",\"item\":\"https:\/\/www.aulatal.nl\/aulatal-duits\/\"},{\"@type\":\"ListItem\",\"position\":2,\"name\":\"Angelplatz\"}]},{\"@type\":\"WebSite\",\"@id\":\"https:\/\/www.aulatal.nl\/aulatal-duits\/#website\",\"url\":\"https:\/\/www.aulatal.nl\/aulatal-duits\/\",\"name\":\"aulatal duits\",\"description\":\"Een andere Aulatal websites site\",\"potentialAction\":[{\"@type\":\"SearchAction\",\"target\":{\"@type\":\"EntryPoint\",\"urlTemplate\":\"https:\/\/www.aulatal.nl\/aulatal-duits\/?s={search_term_string}\"},\"query-input\":{\"@type\":\"PropertyValueSpecification\",\"valueRequired\":true,\"valueName\":\"search_term_string\"}}],\"inLanguage\":\"de\"}]}<\/script>\n<!-- \/ Yoast SEO plugin. -->","yoast_head_json":{"title":"Angelplatz - aulatal duits","robots":{"index":"index","follow":"follow","max-snippet":"max-snippet:-1","max-image-preview":"max-image-preview:large","max-video-preview":"max-video-preview:-1"},"canonical":"https:\/\/www.aulatal.nl\/aulatal-duits\/angelplatz\/","og_locale":"de_DE","og_type":"article","og_title":"Angelplatz - aulatal duits","og_description":"[vc_row][vc_column][vc_column_text]Zu Fu\u00df und nur zwei minuten von der H\u00fctte k\u00f6nnen Sie im Teich von Aulatal fischen! Es gibt gro\u00dfe Karpfen, Zander, Wels, Stock und Aal. Im Ort Ottrau gibt es auch einen gro\u00dfen Teich sowie in der Ortschaft Olbenrode. Diese Teiche sind 5 Minuten mit dem Auto entfernt. Angelkarten k\u00f6nnen im Caf\u00e9 Schneider im Dorf [&hellip;]","og_url":"https:\/\/www.aulatal.nl\/aulatal-duits\/angelplatz\/","og_site_name":"aulatal duits","article_modified_time":"2018-05-23T12:44:20+00:00","og_image":[{"width":1920,"height":480,"url":"https:\/\/www.aulatal.nl\/aulatal-duits\/images\/sites\/4\/2018\/05\/header-visvijver-1.jpg","type":"image\/jpeg"}],"twitter_card":"summary_large_image","twitter_misc":{"Gesch\u00e4tzte Lesezeit":"1\u00a0Minute"},"schema":{"@context":"https:\/\/schema.org","@graph":[{"@type":"WebPage","@id":"https:\/\/www.aulatal.nl\/aulatal-duits\/angelplatz\/","url":"https:\/\/www.aulatal.nl\/aulatal-duits\/angelplatz\/","name":"Angelplatz - aulatal duits","isPartOf":{"@id":"https:\/\/www.aulatal.nl\/aulatal-duits\/#website"},"primaryImageOfPage":{"@id":"https:\/\/www.aulatal.nl\/aulatal-duits\/angelplatz\/#primaryimage"},"image":{"@id":"https:\/\/www.aulatal.nl\/aulatal-duits\/angelplatz\/#primaryimage"},"thumbnailUrl":"https:\/\/www.aulatal.nl\/aulatal-duits\/images\/sites\/4\/2018\/05\/header-visvijver-1.jpg","datePublished":"2018-05-23T08:37:02+00:00","dateModified":"2018-05-23T12:44:20+00:00","breadcrumb":{"@id":"https:\/\/www.aulatal.nl\/aulatal-duits\/angelplatz\/#breadcrumb"},"inLanguage":"de","potentialAction":[{"@type":"ReadAction","target":["https:\/\/www.aulatal.nl\/aulatal-duits\/angelplatz\/"]}]},{"@type":"ImageObject","inLanguage":"de","@id":"https:\/\/www.aulatal.nl\/aulatal-duits\/angelplatz\/#primaryimage","url":"https:\/\/www.aulatal.nl\/aulatal-duits\/images\/sites\/4\/2018\/05\/header-visvijver-1.jpg","contentUrl":"https:\/\/www.aulatal.nl\/aulatal-duits\/images\/sites\/4\/2018\/05\/header-visvijver-1.jpg","width":1920,"height":480},{"@type":"BreadcrumbList","@id":"https:\/\/www.aulatal.nl\/aulatal-duits\/angelplatz\/#breadcrumb","itemListElement":[{"@type":"ListItem","position":1,"name":"Startseite","item":"https:\/\/www.aulatal.nl\/aulatal-duits\/"},{"@type":"ListItem","position":2,"name":"Angelplatz"}]},{"@type":"WebSite","@id":"https:\/\/www.aulatal.nl\/aulatal-duits\/#website","url":"https:\/\/www.aulatal.nl\/aulatal-duits\/","name":"aulatal duits","description":"Een andere Aulatal websites site","potentialAction":[{"@type":"SearchAction","target":{"@type":"EntryPoint","urlTemplate":"https:\/\/www.aulatal.nl\/aulatal-duits\/?s={search_term_string}"},"query-input":{"@type":"PropertyValueSpecification","valueRequired":true,"valueName":"search_term_string"}}],"inLanguage":"de"}]}},"_links":{"self":[{"href":"https:\/\/www.aulatal.nl\/aulatal-duits\/wp-json\/wp\/v2\/pages\/498","targetHints":{"allow":["GET"]}}],"collection":[{"href":"https:\/\/www.aulatal.nl\/aulatal-duits\/wp-json\/wp\/v2\/pages"}],"about":[{"href":"https:\/\/www.aulatal.nl\/aulatal-duits\/wp-json\/wp\/v2\/types\/page"}],"author":[{"embeddable":true,"href":"https:\/\/www.aulatal.nl\/aulatal-duits\/wp-json\/wp\/v2\/users\/1"}],"replies":[{"embeddable":true,"href":"https:\/\/www.aulatal.nl\/aulatal-duits\/wp-json\/wp\/v2\/comments?post=498"}],"version-history":[{"count":7,"href":"https:\/\/www.aulatal.nl\/aulatal-duits\/wp-json\/wp\/v2\/pages\/498\/revisions"}],"predecessor-version":[{"id":513,"href":"https:\/\/www.aulatal.nl\/aulatal-duits\/wp-json\/wp\/v2\/pages\/498\/revisions\/513"}],"wp:featuredmedia":[{"embeddable":true,"href":"https:\/\/www.aulatal.nl\/aulatal-duits\/wp-json\/wp\/v2\/media\/500"}],"wp:attachment":[{"href":"https:\/\/www.aulatal.nl\/aulatal-duits\/wp-json\/wp\/v2\/media?parent=498"}],"curies":[{"name":"wp","href":"https:\/\/api.w.org\/{rel}","templated":true}]}}