{"id":4,"date":"2015-06-12T11:25:07","date_gmt":"2015-06-12T10:25:07","guid":{"rendered":"http:\/\/aulatal.nl\/aulatal-duits\/?page_id=4"},"modified":"2024-10-30T17:07:39","modified_gmt":"2024-10-30T16:07:39","slug":"aulatal-deutsch","status":"publish","type":"page","link":"https:\/\/www.aulatal.nl\/aulatal-duits\/","title":{"rendered":"Aulatal Deutsch"},"content":{"rendered":"<div class=\"wpb-content-wrapper\"><p>[vc_row][vc_column][rev_slider_vc alias=&#8220;aulatal-duits&#8220;][\/vc_column][\/vc_row][vc_row][vc_column][vc_column_text]<\/p>\n<h2 class=\"koptekst\" style=\"text-align: center;\">Ferien Aulatal<\/h2>\n<p style=\"text-align: center;\">In dem wundersch\u00f6n gelegenen Park Aulatal wir gem\u00fctliche komfortable Bungalows zu mieten.<br \/>\nDer Park Aulatal am Rande der Luftkurort Oberaula in der sch\u00f6nen hessischen Kn\u00fcllgebirges gelegen.<\/p>\n<p>[\/vc_column_text][\/vc_column][\/vc_row][vc_row][vc_column width=&#8220;1\/4&#8243;][vc_column_text]<\/p>\n<h5 style=\"text-align: center;\">Preise und route<\/h5>\n<p>[\/vc_column_text][vc_single_image image=&#8220;436&#8243; img_size=&#8220;full&#8220; alignment=&#8220;center&#8220; onclick=&#8220;custom_link&#8220; link=&#8220;http:\/\/www.aulatal.nl\/aulatal-duits\/preise-und-route\/&#8220;][vc_column_text]<\/p>\n<p style=\"text-align: center;\">In der wundersch\u00f6nen Umgebung werden Sie 2 komfortable Bungalows , wo Sie unterhalten zu finden.<\/p>\n<p>[\/vc_column_text][vc_empty_space height=&#8220;5px&#8220;][\/vc_column][vc_column width=&#8220;1\/4&#8243;][vc_column_text el_class=&#8220;small&#8220;]<\/p>\n<h5 style=\"text-align: center;\">Park und\u00a0Oberaula<\/h5>\n<p>[\/vc_column_text][vc_single_image image=&#8220;437&#8243; img_size=&#8220;full&#8220; alignment=&#8220;center&#8220; onclick=&#8220;custom_link&#8220; link=&#8220;http:\/\/www.aulatal.nl\/aulatal-duits\/der-park\/&#8220;][vc_column_text]<\/p>\n<p style=\"text-align: center;\">Ein sch\u00f6nen Park nur 1,5 km von dem gem\u00fctlichen Dorf von Oberaula.<\/p>\n<p>[\/vc_column_text][vc_empty_space height=&#8220;5px&#8220;][\/vc_column][vc_column width=&#8220;1\/4&#8243;][vc_column_text]<\/p>\n<h5 style=\"text-align: center;\">Golfplatz<\/h5>\n<p>[\/vc_column_text][vc_single_image image=&#8220;438&#8243; img_size=&#8220;full&#8220; alignment=&#8220;center&#8220; onclick=&#8220;custom_link&#8220; link=&#8220;http:\/\/www.aulatal.nl\/aulatal-duits\/golfplatz\/&#8220;][vc_column_text]<\/p>\n<p style=\"text-align: center;\">Ein 18- Loch-Golfplatz , der als einer der sch\u00f6nsten Golfpl\u00e4tze in Deutschland gew\u00e4hlt hat.<\/p>\n<p>[\/vc_column_text][vc_empty_space height=&#8220;5px&#8220;][\/vc_column][vc_column width=&#8220;1\/4&#8243;][vc_column_text]<\/p>\n<h5 style=\"text-align: center;\">G\u00e4stbuch<\/h5>\n<p>[\/vc_column_text][vc_single_image image=&#8220;439&#8243; img_size=&#8220;full&#8220; alignment=&#8220;center&#8220; onclick=&#8220;custom_link&#8220; link=&#8220;http:\/\/www.aulatal.nl\/aulatal-duits\/gastebuch\/&#8220;][vc_column_text]<\/p>\n<p style=\"text-align: center;\">Bereits viele Menschen haben unsere Bungalows erlebt . Neugierig auf ihre Meinungen zu Ferien Aulatal ? Informieren Sie sich \u00fcber unser G\u00e4stebuch.<\/p>\n<p>[\/vc_column_text][vc_empty_space height=&#8220;5px&#8220;][\/vc_column][\/vc_row][vc_row full_width=&#8220;stretch_row&#8220; parallax=&#8220;content-moving-fade&#8220; parallax_image=&#8220;444&#8243; css=&#8220;.vc_custom_1435056534276{margin-bottom: -10px !important;background-color: #ffcd36 !important;}&#8220; el_class=&#8220;color-white&#8220;][vc_column][vc_empty_space height=&#8220;15px&#8220;][vc_column_text el_class=&#8220;white&#8220;]<\/p>\n<h3 style=\"text-align: center; color: #fff;\"><em>&#8222;Ein sch\u00f6nes gem\u00fctliches Ferienhaus mit einem Kamin, sehr gute Betten und dem Rest wirklich gefunden , was wir so lange gesucht.&#8220;<\/em><\/h3>\n<p>[\/vc_column_text][vc_empty_space height=&#8220;10px&#8220;][\/vc_column][\/vc_row][vc_row][vc_column][vc_empty_space height=&#8220;30px&#8220;][\/vc_column][\/vc_row][vc_row][vc_column][vc_row_inner][vc_column_inner width=&#8220;1\/2&#8243;][vc_single_image image=&#8220;440&#8243; img_size=&#8220;full&#8220; alignment=&#8220;center&#8220; onclick=&#8220;custom_link&#8220; link=&#8220;http:\/\/www.aulatal.nl\/aulatal-duits\/bungalow-83\/&#8220;][vc_column_text]<\/p>\n<h4 style=\"text-align: center;\">Bungalow 93<\/h4>\n<p>[\/vc_column_text][vc_empty_space height=&#8220;10px&#8220;][\/vc_column_inner][vc_column_inner width=&#8220;1\/2&#8243;][vc_single_image image=&#8220;442&#8243; img_size=&#8220;full&#8220; alignment=&#8220;center&#8220; onclick=&#8220;custom_link&#8220; link=&#8220;http:\/\/www.aulatal.nl\/aulatal-duits\/bungalow-96\/&#8220;][vc_column_text]<\/p>\n<h4 style=\"text-align: center;\">Bungalow\u00a096<\/h4>\n<p>[\/vc_column_text][vc_empty_space height=&#8220;10px&#8220;][\/vc_column_inner][\/vc_row_inner][\/vc_column][\/vc_row][vc_row full_width=&#8220;stretch_row_content_no_spaces&#8220;][vc_column][vc_gmaps link=&#8220;#E-8_aHR0cHMlM0ElMkYlMkZ3d3cuZ29vZ2xlLmNvbSUyRm1hcHMlMkZlbWJlZCUzRnBiJTNEJTIxMW0xOCUyMTFtMTIlMjExbTMlMjExZDU2NTUuNTI2NTY3NTk2NTM4JTIxMmQ5LjQ0NDY5NjQzNjU0MDkzNyUyMTNkNTAuODQ1MDQxNjM1NTI1MSUyMTJtMyUyMTFmMCUyMTJmMCUyMTNmMCUyMTNtMiUyMTFpMTAyNCUyMTJpNzY4JTIxNGYxMy4xJTIxM20zJTIxMW0yJTIxMXMweDQ3YmNhZjdkYjkwMzIwZDMlMjUzQTB4Mzc1ZDM5MTBhODEzNWM1YSUyMTJzRmVyaWVucGFyayUyQjg4JTI1MkMlMkIzNjI4MCUyQk9iZXJhdWxhJTI1MkMlMkJEdWl0c2xhbmQlMjE1ZTAlMjEzbTIlMjExc25sJTIxMnNubCUyMTR2MTUyNzA2MDk4NzAwMg==&#8220; size=&#8220;300px&#8220;][\/vc_column][\/vc_row]<\/p>\n<\/div>","protected":false},"excerpt":{"rendered":"<p>[vc_row][vc_column][rev_slider_vc alias=&#8220;aulatal-duits&#8220;][\/vc_column][\/vc_row][vc_row][vc_column][vc_column_text] Ferien Aulatal In dem wundersch\u00f6n gelegenen Park Aulatal wir gem\u00fctliche komfortable Bungalows zu mieten. Der Park Aulatal am Rande der Luftkurort Oberaula in der sch\u00f6nen hessischen Kn\u00fcllgebirges gelegen. [\/vc_column_text][\/vc_column][\/vc_row][vc_row][vc_column width=&#8220;1\/4&#8243;][vc_column_text] Preise und route [\/vc_column_text][vc_single_image image=&#8220;436&#8243; img_size=&#8220;full&#8220; alignment=&#8220;center&#8220; onclick=&#8220;custom_link&#8220; link=&#8220;http:\/\/www.aulatal.nl\/aulatal-duits\/preise-und-route\/&#8220;][vc_column_text] In der wundersch\u00f6nen Umgebung werden Sie 2 komfortable Bungalows , wo Sie unterhalten zu [&hellip;]<\/p>\n","protected":false},"author":1,"featured_media":0,"parent":0,"menu_order":0,"comment_status":"closed","ping_status":"open","template":"page-full.php","meta":{"footnotes":""},"class_list":["post-4","page","type-page","status-publish","hentry"],"yoast_head":"<!-- This site is optimized with the Yoast SEO plugin v27.0 - https:\/\/yoast.com\/product\/yoast-seo-wordpress\/ -->\n<title>Aulatal Deutsch - aulatal duits<\/title>\n<meta name=\"robots\" content=\"index, follow, max-snippet:-1, max-image-preview:large, max-video-preview:-1\" \/>\n<link rel=\"canonical\" href=\"https:\/\/www.aulatal.nl\/aulatal-duits\/\" \/>\n<meta property=\"og:locale\" content=\"de_DE\" \/>\n<meta property=\"og:type\" content=\"article\" \/>\n<meta property=\"og:title\" content=\"Aulatal Deutsch - aulatal duits\" \/>\n<meta property=\"og:description\" content=\"[vc_row][vc_column][rev_slider_vc alias=&#8220;aulatal-duits&#8220;][\/vc_column][\/vc_row][vc_row][vc_column][vc_column_text] Ferien Aulatal In dem wundersch\u00f6n gelegenen Park Aulatal wir gem\u00fctliche komfortable Bungalows zu mieten. Der Park Aulatal am Rande der Luftkurort Oberaula in der sch\u00f6nen hessischen Kn\u00fcllgebirges gelegen. [\/vc_column_text][\/vc_column][\/vc_row][vc_row][vc_column width=&#8220;1\/4&#8243;][vc_column_text] Preise und route [\/vc_column_text][vc_single_image image=&#8220;436&#8243; img_size=&#8220;full&#8220; alignment=&#8220;center&#8220; onclick=&#8220;custom_link&#8220; link=&#8220;http:\/\/www.aulatal.nl\/aulatal-duits\/preise-und-route\/&#8220;][vc_column_text] In der wundersch\u00f6nen Umgebung werden Sie 2 komfortable Bungalows , wo Sie unterhalten zu [&hellip;]\" \/>\n<meta property=\"og:url\" content=\"https:\/\/www.aulatal.nl\/aulatal-duits\/\" \/>\n<meta property=\"og:site_name\" content=\"aulatal duits\" \/>\n<meta property=\"article:modified_time\" content=\"2024-10-30T16:07:39+00:00\" \/>\n<meta name=\"twitter:card\" content=\"summary_large_image\" \/>\n<meta name=\"twitter:label1\" content=\"Gesch\u00e4tzte Lesezeit\" \/>\n\t<meta name=\"twitter:data1\" content=\"3\u00a0Minuten\" \/>\n<script type=\"application\/ld+json\" class=\"yoast-schema-graph\">{\"@context\":\"https:\/\/schema.org\",\"@graph\":[{\"@type\":\"WebPage\",\"@id\":\"https:\/\/www.aulatal.nl\/aulatal-duits\/\",\"url\":\"https:\/\/www.aulatal.nl\/aulatal-duits\/\",\"name\":\"Aulatal Deutsch - aulatal duits\",\"isPartOf\":{\"@id\":\"https:\/\/www.aulatal.nl\/aulatal-duits\/#website\"},\"datePublished\":\"2015-06-12T10:25:07+00:00\",\"dateModified\":\"2024-10-30T16:07:39+00:00\",\"breadcrumb\":{\"@id\":\"https:\/\/www.aulatal.nl\/aulatal-duits\/#breadcrumb\"},\"inLanguage\":\"de\",\"potentialAction\":[{\"@type\":\"ReadAction\",\"target\":[\"https:\/\/www.aulatal.nl\/aulatal-duits\/\"]}]},{\"@type\":\"BreadcrumbList\",\"@id\":\"https:\/\/www.aulatal.nl\/aulatal-duits\/#breadcrumb\",\"itemListElement\":[{\"@type\":\"ListItem\",\"position\":1,\"name\":\"Startseite\",\"item\":\"https:\/\/www.aulatal.nl\/aulatal-duits\/\"},{\"@type\":\"ListItem\",\"position\":2,\"name\":\"Aulatal Deutsch\"}]},{\"@type\":\"WebSite\",\"@id\":\"https:\/\/www.aulatal.nl\/aulatal-duits\/#website\",\"url\":\"https:\/\/www.aulatal.nl\/aulatal-duits\/\",\"name\":\"aulatal duits\",\"description\":\"Een andere Aulatal websites site\",\"potentialAction\":[{\"@type\":\"SearchAction\",\"target\":{\"@type\":\"EntryPoint\",\"urlTemplate\":\"https:\/\/www.aulatal.nl\/aulatal-duits\/?s={search_term_string}\"},\"query-input\":{\"@type\":\"PropertyValueSpecification\",\"valueRequired\":true,\"valueName\":\"search_term_string\"}}],\"inLanguage\":\"de\"}]}<\/script>\n<!-- \/ Yoast SEO plugin. -->","yoast_head_json":{"title":"Aulatal Deutsch - aulatal duits","robots":{"index":"index","follow":"follow","max-snippet":"max-snippet:-1","max-image-preview":"max-image-preview:large","max-video-preview":"max-video-preview:-1"},"canonical":"https:\/\/www.aulatal.nl\/aulatal-duits\/","og_locale":"de_DE","og_type":"article","og_title":"Aulatal Deutsch - aulatal duits","og_description":"[vc_row][vc_column][rev_slider_vc alias=&#8220;aulatal-duits&#8220;][\/vc_column][\/vc_row][vc_row][vc_column][vc_column_text] Ferien Aulatal In dem wundersch\u00f6n gelegenen Park Aulatal wir gem\u00fctliche komfortable Bungalows zu mieten. Der Park Aulatal am Rande der Luftkurort Oberaula in der sch\u00f6nen hessischen Kn\u00fcllgebirges gelegen. [\/vc_column_text][\/vc_column][\/vc_row][vc_row][vc_column width=&#8220;1\/4&#8243;][vc_column_text] Preise und route [\/vc_column_text][vc_single_image image=&#8220;436&#8243; img_size=&#8220;full&#8220; alignment=&#8220;center&#8220; onclick=&#8220;custom_link&#8220; link=&#8220;http:\/\/www.aulatal.nl\/aulatal-duits\/preise-und-route\/&#8220;][vc_column_text] In der wundersch\u00f6nen Umgebung werden Sie 2 komfortable Bungalows , wo Sie unterhalten zu [&hellip;]","og_url":"https:\/\/www.aulatal.nl\/aulatal-duits\/","og_site_name":"aulatal duits","article_modified_time":"2024-10-30T16:07:39+00:00","twitter_card":"summary_large_image","twitter_misc":{"Gesch\u00e4tzte Lesezeit":"3\u00a0Minuten"},"schema":{"@context":"https:\/\/schema.org","@graph":[{"@type":"WebPage","@id":"https:\/\/www.aulatal.nl\/aulatal-duits\/","url":"https:\/\/www.aulatal.nl\/aulatal-duits\/","name":"Aulatal Deutsch - aulatal duits","isPartOf":{"@id":"https:\/\/www.aulatal.nl\/aulatal-duits\/#website"},"datePublished":"2015-06-12T10:25:07+00:00","dateModified":"2024-10-30T16:07:39+00:00","breadcrumb":{"@id":"https:\/\/www.aulatal.nl\/aulatal-duits\/#breadcrumb"},"inLanguage":"de","potentialAction":[{"@type":"ReadAction","target":["https:\/\/www.aulatal.nl\/aulatal-duits\/"]}]},{"@type":"BreadcrumbList","@id":"https:\/\/www.aulatal.nl\/aulatal-duits\/#breadcrumb","itemListElement":[{"@type":"ListItem","position":1,"name":"Startseite","item":"https:\/\/www.aulatal.nl\/aulatal-duits\/"},{"@type":"ListItem","position":2,"name":"Aulatal Deutsch"}]},{"@type":"WebSite","@id":"https:\/\/www.aulatal.nl\/aulatal-duits\/#website","url":"https:\/\/www.aulatal.nl\/aulatal-duits\/","name":"aulatal duits","description":"Een andere Aulatal websites site","potentialAction":[{"@type":"SearchAction","target":{"@type":"EntryPoint","urlTemplate":"https:\/\/www.aulatal.nl\/aulatal-duits\/?s={search_term_string}"},"query-input":{"@type":"PropertyValueSpecification","valueRequired":true,"valueName":"search_term_string"}}],"inLanguage":"de"}]}},"_links":{"self":[{"href":"https:\/\/www.aulatal.nl\/aulatal-duits\/wp-json\/wp\/v2\/pages\/4","targetHints":{"allow":["GET"]}}],"collection":[{"href":"https:\/\/www.aulatal.nl\/aulatal-duits\/wp-json\/wp\/v2\/pages"}],"about":[{"href":"https:\/\/www.aulatal.nl\/aulatal-duits\/wp-json\/wp\/v2\/types\/page"}],"author":[{"embeddable":true,"href":"https:\/\/www.aulatal.nl\/aulatal-duits\/wp-json\/wp\/v2\/users\/1"}],"replies":[{"embeddable":true,"href":"https:\/\/www.aulatal.nl\/aulatal-duits\/wp-json\/wp\/v2\/comments?post=4"}],"version-history":[{"count":28,"href":"https:\/\/www.aulatal.nl\/aulatal-duits\/wp-json\/wp\/v2\/pages\/4\/revisions"}],"predecessor-version":[{"id":546,"href":"https:\/\/www.aulatal.nl\/aulatal-duits\/wp-json\/wp\/v2\/pages\/4\/revisions\/546"}],"wp:attachment":[{"href":"https:\/\/www.aulatal.nl\/aulatal-duits\/wp-json\/wp\/v2\/media?parent=4"}],"curies":[{"name":"wp","href":"https:\/\/api.w.org\/{rel}","templated":true}]}}